{"id":519,"date":"2025-06-16T11:24:11","date_gmt":"2025-06-16T11:24:11","guid":{"rendered":"https:\/\/dgs.cw\/kontakto\/"},"modified":"2025-09-09T19:31:50","modified_gmt":"2025-09-09T19:31:50","slug":"kontakto","status":"publish","type":"page","link":"https:\/\/dgs.cw\/pap\/kontakto\/","title":{"rendered":"Kontakto"},"content":{"rendered":"<style>.kb-row-layout-id48_dc3cd3-9a > .kt-row-column-wrap{align-content:start;}:where(.kb-row-layout-id48_dc3cd3-9a > .kt-row-column-wrap) > .wp-block-kadence-column{justify-content:start;}.kb-row-layout-id48_dc3cd3-9a > .kt-row-column-wrap{column-gap:var(--global-kb-gap-md, 2rem);row-gap:var(--global-kb-gap-md, 2rem);padding-top:0px;padding-right:0px;padding-bottom:0px;padding-left:0px;grid-template-columns:minmax(0, 1fr);}.kb-row-layout-id48_dc3cd3-9a > .kt-row-layout-overlay{opacity:0.30;}@media all and (max-width: 1024px){.kb-row-layout-id48_dc3cd3-9a > .kt-row-column-wrap{grid-template-columns:minmax(0, 1fr);}}@media all and (max-width: 767px){.kb-row-layout-id48_dc3cd3-9a > .kt-row-column-wrap{grid-template-columns:minmax(0, 1fr);}}<\/style><div class=\"kb-row-layout-wrap kb-row-layout-id48_dc3cd3-9a alignfull wp-block-kadence-rowlayout\"><div class=\"kt-row-column-wrap kt-has-1-columns kt-row-layout-equal kt-tab-layout-inherit kt-mobile-layout-row kt-row-valign-top\">\n<style>.kadence-column48_478f46-c6 > .kt-inside-inner-col{display:flex;}.kadence-column48_478f46-c6 > .kt-inside-inner-col{min-height:60vh;}.kadence-column48_478f46-c6 > .kt-inside-inner-col,.kadence-column48_478f46-c6 > .kt-inside-inner-col:before{border-top-left-radius:0px;border-top-right-radius:0px;border-bottom-right-radius:0px;border-bottom-left-radius:0px;}.kadence-column48_478f46-c6 > .kt-inside-inner-col{column-gap:var(--global-kb-gap-sm, 1rem);}.kadence-column48_478f46-c6 > .kt-inside-inner-col{flex-direction:column;justify-content:center;align-items:center;}.kadence-column48_478f46-c6 > .kt-inside-inner-col > .kb-image-is-ratio-size{align-self:stretch;}.kadence-column48_478f46-c6 > .kt-inside-inner-col > .wp-block-kadence-advancedgallery{align-self:stretch;}.kadence-column48_478f46-c6 > .kt-inside-inner-col > .aligncenter{width:100%;}.kt-row-column-wrap > .kadence-column48_478f46-c6{align-self:center;}.kt-inner-column-height-full:not(.kt-has-1-columns) > .wp-block-kadence-column.kadence-column48_478f46-c6{align-self:auto;}.kt-inner-column-height-full:not(.kt-has-1-columns) > .wp-block-kadence-column.kadence-column48_478f46-c6 > .kt-inside-inner-col{flex-direction:column;justify-content:center;}.kadence-column48_478f46-c6 > .kt-inside-inner-col{background-image:url('https:\/\/dgs.cw\/wp-content\/uploads\/2025\/06\/contact-banner-2.jpg');background-size:cover;background-position:center center;background-attachment:scroll;background-repeat:no-repeat;}.kadence-column48_478f46-c6 > .kt-inside-inner-col:before{opacity:0.5;background-color:#000000;}.kadence-column48_478f46-c6{position:relative;}@media all and (max-width: 1024px){.kt-row-column-wrap > .kadence-column48_478f46-c6{align-self:center;}}@media all and (max-width: 1024px){.kt-inner-column-height-full:not(.kt-has-1-columns) > .wp-block-kadence-column.kadence-column48_478f46-c6{align-self:auto;}}@media all and (max-width: 1024px){.kt-inner-column-height-full:not(.kt-has-1-columns) > .wp-block-kadence-column.kadence-column48_478f46-c6 > .kt-inside-inner-col{flex-direction:column;justify-content:center;}}@media all and (max-width: 1024px){.kadence-column48_478f46-c6 > .kt-inside-inner-col{flex-direction:column;justify-content:center;align-items:center;}}@media all and (max-width: 767px){.kt-row-column-wrap > .kadence-column48_478f46-c6{align-self:center;}.kt-inner-column-height-full:not(.kt-has-1-columns) > .wp-block-kadence-column.kadence-column48_478f46-c6{align-self:auto;}.kt-inner-column-height-full:not(.kt-has-1-columns) > .wp-block-kadence-column.kadence-column48_478f46-c6 > .kt-inside-inner-col{flex-direction:column;justify-content:center;}.kadence-column48_478f46-c6 > .kt-inside-inner-col{flex-direction:column;justify-content:center;align-items:center;}}<\/style>\n<div class=\"wp-block-kadence-column kadence-column48_478f46-c6 kb-section-has-overlay\"><div class=\"kt-inside-inner-col\"><style>.wp-block-kadence-advancedheading.kt-adv-heading48_52fd94-af, .wp-block-kadence-advancedheading.kt-adv-heading48_52fd94-af[data-kb-block=\"kb-adv-heading48_52fd94-af\"]{text-align:center;font-style:normal;}.wp-block-kadence-advancedheading.kt-adv-heading48_52fd94-af mark.kt-highlight, .wp-block-kadence-advancedheading.kt-adv-heading48_52fd94-af[data-kb-block=\"kb-adv-heading48_52fd94-af\"] mark.kt-highlight{font-style:normal;color:#f76a0c;-webkit-box-decoration-break:clone;box-decoration-break:clone;padding-top:0px;padding-right:0px;padding-bottom:0px;padding-left:0px;}<\/style>\n<h1 class=\"kt-adv-heading48_52fd94-af wp-block-kadence-advancedheading has-theme-palette-6-color has-text-color\" data-kb-block=\"kb-adv-heading48_52fd94-af\">Kontakto<\/h1>\n\n\n<style>.wp-block-kadence-advancedheading.kt-adv-heading48_912e5a-a9, .wp-block-kadence-advancedheading.kt-adv-heading48_912e5a-a9[data-kb-block=\"kb-adv-heading48_912e5a-a9\"]{padding-top:var(--global-kb-spacing-sm, 1.5rem);padding-bottom:var(--global-kb-spacing-md, 2rem);text-align:center;font-size:var(--global-kb-font-size-lg, 2rem);font-weight:700;font-style:normal;font-family:Inter;}.wp-block-kadence-advancedheading.kt-adv-heading48_912e5a-a9 mark.kt-highlight, .wp-block-kadence-advancedheading.kt-adv-heading48_912e5a-a9[data-kb-block=\"kb-adv-heading48_912e5a-a9\"] mark.kt-highlight{font-style:normal;color:#f76a0c;-webkit-box-decoration-break:clone;box-decoration-break:clone;padding-top:0px;padding-right:0px;padding-bottom:0px;padding-left:0px;}<\/style>\n<p class=\"kt-adv-heading48_912e5a-a9 wp-block-kadence-advancedheading has-theme-palette-6-color has-text-color\" data-kb-block=\"kb-adv-heading48_912e5a-a9\"><\/p>\n<\/div><\/div>\n\n<\/div><\/div><style>.kb-row-layout-id48_f4fbdf-25 > .kt-row-column-wrap{align-content:start;}:where(.kb-row-layout-id48_f4fbdf-25 > .kt-row-column-wrap) > .wp-block-kadence-column{justify-content:start;}.kb-row-layout-id48_f4fbdf-25 > .kt-row-column-wrap{column-gap:var(--global-kb-gap-lg, 4rem);row-gap:var(--global-kb-gap-md, 2rem);max-width:var( --global-content-width, 1700px );padding-left:var(--global-content-edge-padding);padding-right:var(--global-content-edge-padding);padding-top:var(--global-kb-spacing-3xl, 6.5rem);padding-bottom:var(--global-kb-spacing-3xl, 6.5rem);grid-template-columns:minmax(0, 1fr) minmax(0, 2fr);}.kb-row-layout-id48_f4fbdf-25 > .kt-row-layout-overlay{opacity:0.30;}@media all and (max-width: 1024px){.kb-row-layout-id48_f4fbdf-25 > .kt-row-column-wrap{grid-template-columns:minmax(0, 1fr) minmax(0, 2fr);}}@media all and (max-width: 767px){.kb-row-layout-id48_f4fbdf-25 > .kt-row-column-wrap{padding-top:var(--global-kb-spacing-lg, 3rem);padding-bottom:var(--global-kb-spacing-lg, 3rem);grid-template-columns:minmax(0, 1fr);}}<\/style><div class=\"kb-row-layout-wrap kb-row-layout-id48_f4fbdf-25 alignnone wp-block-kadence-rowlayout\"><div class=\"kt-row-column-wrap kt-has-2-columns kt-row-layout-right-golden kt-tab-layout-inherit kt-mobile-layout-row kt-row-valign-top kb-theme-content-width\">\n<style>.kadence-column48_29c61b-7c > .kt-inside-inner-col,.kadence-column48_29c61b-7c > .kt-inside-inner-col:before{border-top-left-radius:0px;border-top-right-radius:0px;border-bottom-right-radius:0px;border-bottom-left-radius:0px;}.kadence-column48_29c61b-7c > .kt-inside-inner-col{column-gap:var(--global-kb-gap-sm, 1rem);}.kadence-column48_29c61b-7c > .kt-inside-inner-col{flex-direction:column;}.kadence-column48_29c61b-7c > .kt-inside-inner-col > .aligncenter{width:100%;}.kadence-column48_29c61b-7c > .kt-inside-inner-col:before{opacity:0.3;}.kadence-column48_29c61b-7c{position:relative;}@media all and (max-width: 1024px){.kadence-column48_29c61b-7c > .kt-inside-inner-col{flex-direction:column;justify-content:center;}}@media all and (max-width: 767px){.kadence-column48_29c61b-7c > .kt-inside-inner-col{flex-direction:column;justify-content:center;}}<\/style>\n<div class=\"wp-block-kadence-column kadence-column48_29c61b-7c\"><div class=\"kt-inside-inner-col\"><style>.wp-block-kadence-advancedheading.kt-adv-heading48_d5feaf-61, .wp-block-kadence-advancedheading.kt-adv-heading48_d5feaf-61[data-kb-block=\"kb-adv-heading48_d5feaf-61\"]{font-style:normal;}.wp-block-kadence-advancedheading.kt-adv-heading48_d5feaf-61 mark.kt-highlight, .wp-block-kadence-advancedheading.kt-adv-heading48_d5feaf-61[data-kb-block=\"kb-adv-heading48_d5feaf-61\"] mark.kt-highlight{font-style:normal;color:#f76a0c;-webkit-box-decoration-break:clone;box-decoration-break:clone;padding-top:0px;padding-right:0px;padding-bottom:0px;padding-left:0px;}<\/style>\n<h2 class=\"kt-adv-heading48_d5feaf-61 wp-block-kadence-advancedheading\" data-kb-block=\"kb-adv-heading48_d5feaf-61\">Ha\u00f1a mas informashon<\/h2>\n<\/div><\/div>\n\n\n<style>.kadence-column48_954241-da > .kt-inside-inner-col,.kadence-column48_954241-da > .kt-inside-inner-col:before{border-top-left-radius:0px;border-top-right-radius:0px;border-bottom-right-radius:0px;border-bottom-left-radius:0px;}.kadence-column48_954241-da > .kt-inside-inner-col{column-gap:var(--global-kb-gap-sm, 1rem);}.kadence-column48_954241-da > .kt-inside-inner-col{flex-direction:column;}.kadence-column48_954241-da > .kt-inside-inner-col > .aligncenter{width:100%;}.kadence-column48_954241-da > .kt-inside-inner-col:before{opacity:0.3;}.kadence-column48_954241-da{position:relative;}@media all and (max-width: 1024px){.kadence-column48_954241-da > .kt-inside-inner-col{flex-direction:column;justify-content:center;}}@media all and (max-width: 767px){.kadence-column48_954241-da > .kt-inside-inner-col{flex-direction:column;justify-content:center;}}<\/style>\n<div class=\"wp-block-kadence-column kadence-column48_954241-da\"><div class=\"kt-inside-inner-col\"><style>.wp-block-kadence-advancedheading.kt-adv-heading48_1be5d3-4f, .wp-block-kadence-advancedheading.kt-adv-heading48_1be5d3-4f[data-kb-block=\"kb-adv-heading48_1be5d3-4f\"]{margin-top:var(--global-kb-spacing-sm, 1.5rem);margin-bottom:var(--global-kb-spacing-sm, 1.5rem);font-size:var(--global-kb-font-size-xl, 3rem);font-weight:600;font-style:normal;font-family:Inter;}.wp-block-kadence-advancedheading.kt-adv-heading48_1be5d3-4f mark.kt-highlight, .wp-block-kadence-advancedheading.kt-adv-heading48_1be5d3-4f[data-kb-block=\"kb-adv-heading48_1be5d3-4f\"] mark.kt-highlight{font-style:normal;color:#f76a0c;-webkit-box-decoration-break:clone;box-decoration-break:clone;padding-top:0px;padding-right:0px;padding-bottom:0px;padding-left:0px;}<\/style>\n<p class=\"kt-adv-heading48_1be5d3-4f wp-block-kadence-advancedheading has-theme-palette-3-color has-text-color\" data-kb-block=\"kb-adv-heading48_1be5d3-4f\">Kontakto<\/p>\n\n\n<style>.wp-block-kadence-advancedheading.kt-adv-heading48_85043c-41, .wp-block-kadence-advancedheading.kt-adv-heading48_85043c-41[data-kb-block=\"kb-adv-heading48_85043c-41\"]{font-size:var(--global-kb-font-size-lg, 2rem);font-style:normal;}.wp-block-kadence-advancedheading.kt-adv-heading48_85043c-41 mark.kt-highlight, .wp-block-kadence-advancedheading.kt-adv-heading48_85043c-41[data-kb-block=\"kb-adv-heading48_85043c-41\"] mark.kt-highlight{font-style:normal;color:#f76a0c;-webkit-box-decoration-break:clone;box-decoration-break:clone;padding-top:0px;padding-right:0px;padding-bottom:0px;padding-left:0px;}.wp-block-kadence-advancedheading.kt-adv-heading48_85043c-41[data-kb-block=\"kb-adv-heading48_85043c-41\"] a, .kt-adv-heading-link48_85043c-41, .kt-adv-heading-link48_85043c-41 .kt-adv-heading48_85043c-41[data-kb-block=\"kb-adv-heading48_85043c-41\"]{color:var(--global-palette1, #3182CE);}.wp-block-kadence-advancedheading.kt-adv-heading48_85043c-41[data-kb-block=\"kb-adv-heading48_85043c-41\"] a:hover, .kt-adv-heading-link48_85043c-41:hover, .kt-adv-heading-link48_85043c-41:hover .kt-adv-heading48_85043c-41[data-kb-block=\"kb-adv-heading48_85043c-41\"]{color:#c6a123;}<\/style>\n<p class=\"kt-adv-heading48_85043c-41 wp-block-kadence-advancedheading has-theme-palette-3-color has-text-color\" data-kb-block=\"kb-adv-heading48_85043c-41\">Si bo tin mas pregunta \u00f2f tin mester di mas informashon tokante e protekshon ku DGS K\u00f2rsou ta brinda, tuma kontakto libremente ku CBCS su Bali di Informashon. Yama nos na +599 (9) 434-5500 riba dia di trabou, di 9.00 pa 17.00 \u00f2f e-mail nos na <a href=\"mailto:dgs@centralbank.cw\">dgs@centralbank.cw<\/a>. Bo por komunik\u00e1 ku nos na papiamentu, hulandes i ingles. <\/p>\n<\/div><\/div>\n\n<\/div><\/div>","protected":false},"excerpt":{"rendered":"<p>Kontakto Ha\u00f1a mas informashon Kontakto Si bo tin mas pregunta \u00f2f tin mester di mas informashon tokante e protekshon ku DGS K\u00f2rsou ta brinda, tuma kontakto libremente ku CBCS su Bali di Informashon. Yama nos na +599 (9) 434-5500 riba dia di trabou, di 9.00 pa 17.00 \u00f2f e-mail nos na dgs@centralbank.cw. Bo por komunik\u00e1&#8230;<\/p>\n","protected":false},"author":3,"featured_media":0,"parent":0,"menu_order":0,"comment_status":"closed","ping_status":"closed","template":"","meta":{"_acf_changed":false,"inline_featured_image":false,"_kad_blocks_custom_css":"","_kad_blocks_head_custom_js":"","_kad_blocks_body_custom_js":"","_kad_blocks_footer_custom_js":"","_kad_post_transparent":"","_kad_post_title":"","_kad_post_layout":"","_kad_post_sidebar_id":"","_kad_post_content_style":"","_kad_post_vertical_padding":"","_kad_post_feature":"","_kad_post_feature_position":"","_kad_post_header":false,"_kad_post_footer":false,"footnotes":""},"class_list":["post-519","page","type-page","status-publish","hentry"],"acf":[],"yoast_head":"<!-- This site is optimized with the Yoast SEO plugin v25.3.1 - https:\/\/yoast.com\/wordpress\/plugins\/seo\/ -->\n<title>Kontakto - Deposit Guarantee Cura\u00e7ao<\/title>\n<meta name=\"robots\" content=\"index, follow, max-snippet:-1, max-image-preview:large, max-video-preview:-1\" \/>\n<link rel=\"canonical\" href=\"https:\/\/dgs.cw\/pap\/kontakto\/\" \/>\n<meta property=\"og:locale\" content=\"en_US\" \/>\n<meta property=\"og:type\" content=\"article\" \/>\n<meta property=\"og:title\" content=\"Kontakto - Deposit Guarantee Cura\u00e7ao\" \/>\n<meta property=\"og:description\" content=\"Kontakto Ha\u00f1a mas informashon Kontakto Si bo tin mas pregunta \u00f2f tin mester di mas informashon tokante e protekshon ku DGS K\u00f2rsou ta brinda, tuma kontakto libremente ku CBCS su Bali di Informashon. Yama nos na +599 (9) 434-5500 riba dia di trabou, di 9.00 pa 17.00 \u00f2f e-mail nos na dgs@centralbank.cw. Bo por komunik\u00e1...\" \/>\n<meta property=\"og:url\" content=\"https:\/\/dgs.cw\/pap\/kontakto\/\" \/>\n<meta property=\"og:site_name\" content=\"Deposit Guarantee Cura\u00e7ao\" \/>\n<meta property=\"article:modified_time\" content=\"2025-09-09T19:31:50+00:00\" \/>\n<meta name=\"twitter:card\" content=\"summary_large_image\" \/>\n<script type=\"application\/ld+json\" class=\"yoast-schema-graph\">{\"@context\":\"https:\/\/schema.org\",\"@graph\":[{\"@type\":\"WebPage\",\"@id\":\"https:\/\/dgs.cw\/pap\/kontakto\/\",\"url\":\"https:\/\/dgs.cw\/pap\/kontakto\/\",\"name\":\"Kontakto - Deposit Guarantee Cura\u00e7ao\",\"isPartOf\":{\"@id\":\"https:\/\/dgs.cw\/pap\/#website\"},\"datePublished\":\"2025-06-16T11:24:11+00:00\",\"dateModified\":\"2025-09-09T19:31:50+00:00\",\"breadcrumb\":{\"@id\":\"https:\/\/dgs.cw\/pap\/kontakto\/#breadcrumb\"},\"inLanguage\":\"pap\",\"potentialAction\":[{\"@type\":\"ReadAction\",\"target\":[\"https:\/\/dgs.cw\/pap\/kontakto\/\"]}]},{\"@type\":\"BreadcrumbList\",\"@id\":\"https:\/\/dgs.cw\/pap\/kontakto\/#breadcrumb\",\"itemListElement\":[{\"@type\":\"ListItem\",\"position\":1,\"name\":\"Home\",\"item\":\"https:\/\/dgs.cw\/pap\/\"},{\"@type\":\"ListItem\",\"position\":2,\"name\":\"Kontakto\"}]},{\"@type\":\"WebSite\",\"@id\":\"https:\/\/dgs.cw\/pap\/#website\",\"url\":\"https:\/\/dgs.cw\/pap\/\",\"name\":\"Deposit Guarantee Cura\u00e7ao\",\"description\":\"\",\"potentialAction\":[{\"@type\":\"SearchAction\",\"target\":{\"@type\":\"EntryPoint\",\"urlTemplate\":\"https:\/\/dgs.cw\/pap\/?s={search_term_string}\"},\"query-input\":{\"@type\":\"PropertyValueSpecification\",\"valueRequired\":true,\"valueName\":\"search_term_string\"}}],\"inLanguage\":\"pap\"}]}<\/script>\n<!-- \/ Yoast SEO plugin. -->","yoast_head_json":{"title":"Kontakto - Deposit Guarantee Cura\u00e7ao","robots":{"index":"index","follow":"follow","max-snippet":"max-snippet:-1","max-image-preview":"max-image-preview:large","max-video-preview":"max-video-preview:-1"},"canonical":"https:\/\/dgs.cw\/pap\/kontakto\/","og_locale":"en_US","og_type":"article","og_title":"Kontakto - Deposit Guarantee Cura\u00e7ao","og_description":"Kontakto Ha\u00f1a mas informashon Kontakto Si bo tin mas pregunta \u00f2f tin mester di mas informashon tokante e protekshon ku DGS K\u00f2rsou ta brinda, tuma kontakto libremente ku CBCS su Bali di Informashon. Yama nos na +599 (9) 434-5500 riba dia di trabou, di 9.00 pa 17.00 \u00f2f e-mail nos na dgs@centralbank.cw. Bo por komunik\u00e1...","og_url":"https:\/\/dgs.cw\/pap\/kontakto\/","og_site_name":"Deposit Guarantee Cura\u00e7ao","article_modified_time":"2025-09-09T19:31:50+00:00","twitter_card":"summary_large_image","schema":{"@context":"https:\/\/schema.org","@graph":[{"@type":"WebPage","@id":"https:\/\/dgs.cw\/pap\/kontakto\/","url":"https:\/\/dgs.cw\/pap\/kontakto\/","name":"Kontakto - Deposit Guarantee Cura\u00e7ao","isPartOf":{"@id":"https:\/\/dgs.cw\/pap\/#website"},"datePublished":"2025-06-16T11:24:11+00:00","dateModified":"2025-09-09T19:31:50+00:00","breadcrumb":{"@id":"https:\/\/dgs.cw\/pap\/kontakto\/#breadcrumb"},"inLanguage":"pap","potentialAction":[{"@type":"ReadAction","target":["https:\/\/dgs.cw\/pap\/kontakto\/"]}]},{"@type":"BreadcrumbList","@id":"https:\/\/dgs.cw\/pap\/kontakto\/#breadcrumb","itemListElement":[{"@type":"ListItem","position":1,"name":"Home","item":"https:\/\/dgs.cw\/pap\/"},{"@type":"ListItem","position":2,"name":"Kontakto"}]},{"@type":"WebSite","@id":"https:\/\/dgs.cw\/pap\/#website","url":"https:\/\/dgs.cw\/pap\/","name":"Deposit Guarantee Cura\u00e7ao","description":"","potentialAction":[{"@type":"SearchAction","target":{"@type":"EntryPoint","urlTemplate":"https:\/\/dgs.cw\/pap\/?s={search_term_string}"},"query-input":{"@type":"PropertyValueSpecification","valueRequired":true,"valueName":"search_term_string"}}],"inLanguage":"pap"}]}},"taxonomy_info":[],"featured_image_src_large":false,"author_info":{"display_name":"h.masri@profoundprojects.com","author_link":"https:\/\/dgs.cw\/pap\/author\/h-masriprofoundprojects-com\/"},"comment_info":0,"_links":{"self":[{"href":"https:\/\/dgs.cw\/pap\/wp-json\/wp\/v2\/pages\/519","targetHints":{"allow":["GET"]}}],"collection":[{"href":"https:\/\/dgs.cw\/pap\/wp-json\/wp\/v2\/pages"}],"about":[{"href":"https:\/\/dgs.cw\/pap\/wp-json\/wp\/v2\/types\/page"}],"author":[{"embeddable":true,"href":"https:\/\/dgs.cw\/pap\/wp-json\/wp\/v2\/users\/3"}],"replies":[{"embeddable":true,"href":"https:\/\/dgs.cw\/pap\/wp-json\/wp\/v2\/comments?post=519"}],"version-history":[{"count":1,"href":"https:\/\/dgs.cw\/pap\/wp-json\/wp\/v2\/pages\/519\/revisions"}],"predecessor-version":[{"id":521,"href":"https:\/\/dgs.cw\/pap\/wp-json\/wp\/v2\/pages\/519\/revisions\/521"}],"wp:attachment":[{"href":"https:\/\/dgs.cw\/pap\/wp-json\/wp\/v2\/media?parent=519"}],"curies":[{"name":"wp","href":"https:\/\/api.w.org\/{rel}","templated":true}]}}